{"id":15,"date":"2023-04-26T10:49:29","date_gmt":"2023-04-26T10:49:29","guid":{"rendered":"https:\/\/madriddakar.com\/?page_id=15"},"modified":"2023-05-05T09:39:29","modified_gmt":"2023-05-05T09:39:29","slug":"servicios","status":"publish","type":"page","link":"https:\/\/madriddakar.com\/?page_id=15","title":{"rendered":"Servicios"},"content":{"rendered":"\t\t<div data-elementor-type=\"wp-page\" data-elementor-id=\"15\" class=\"elementor elementor-15\" data-elementor-post-type=\"page\">\n\t\t\t\t\t\t<section class=\"elementor-section elementor-top-section elementor-element elementor-element-272d8c2 elementor-section-boxed elementor-section-height-default elementor-section-height-default\" data-id=\"272d8c2\" data-element_type=\"section\" data-e-type=\"section\" data-settings=\"{&quot;background_background&quot;:&quot;classic&quot;}\">\n\t\t\t\t\t\t<div class=\"elementor-container elementor-column-gap-default\">\n\t\t\t\t\t<div class=\"elementor-column elementor-col-50 elementor-top-column elementor-element elementor-element-6d3058c\" data-id=\"6d3058c\" data-element_type=\"column\" data-e-type=\"column\">\n\t\t\t<div class=\"elementor-widget-wrap elementor-element-populated\">\n\t\t\t\t\t\t<div class=\"elementor-element elementor-element-c7e50b1 elementor-widget elementor-widget-heading\" data-id=\"c7e50b1\" data-element_type=\"widget\" data-e-type=\"widget\" data-widget_type=\"heading.default\">\n\t\t\t\t<div class=\"elementor-widget-container\">\n\t\t\t\t\t<h2 class=\"elementor-heading-title elementor-size-default\">Servicios compra-venta<\/h2>\t\t\t\t<\/div>\n\t\t\t\t<\/div>\n\t\t\t\t\t<\/div>\n\t\t<\/div>\n\t\t\t\t<div class=\"elementor-column elementor-col-50 elementor-top-column elementor-element elementor-element-488d1fc\" data-id=\"488d1fc\" data-element_type=\"column\" data-e-type=\"column\">\n\t\t\t<div class=\"elementor-widget-wrap elementor-element-populated\">\n\t\t\t\t\t\t<div class=\"elementor-element elementor-element-32be4d7 elementor-align-right elementor-widget elementor-widget-button\" data-id=\"32be4d7\" data-element_type=\"widget\" data-e-type=\"widget\" data-widget_type=\"button.default\">\n\t\t\t\t<div class=\"elementor-widget-container\">\n\t\t\t\t\t\t\t\t\t<div class=\"elementor-button-wrapper\">\n\t\t\t\t\t<a class=\"elementor-button elementor-button-link elementor-size-md\" href=\"https:\/\/motosmadriddakar.com\/\">\n\t\t\t\t\t\t<span class=\"elementor-button-content-wrapper\">\n\t\t\t\t\t\t\t\t\t<span class=\"elementor-button-text\">VENDER AHORA<\/span>\n\t\t\t\t\t<\/span>\n\t\t\t\t\t<\/a>\n\t\t\t\t<\/div>\n\t\t\t\t\t\t\t\t<\/div>\n\t\t\t\t<\/div>\n\t\t\t\t\t<\/div>\n\t\t<\/div>\n\t\t\t\t\t<\/div>\n\t\t<\/section>\n\t\t\t\t<section class=\"elementor-section elementor-top-section elementor-element elementor-element-1479a836 elementor-section-content-middle elementor-section-boxed elementor-section-height-default elementor-section-height-default\" data-id=\"1479a836\" data-element_type=\"section\" data-e-type=\"section\" data-settings=\"{&quot;background_background&quot;:&quot;classic&quot;}\">\n\t\t\t\t\t\t<div class=\"elementor-container elementor-column-gap-no\">\n\t\t\t\t\t<div class=\"elementor-column elementor-col-50 elementor-top-column elementor-element elementor-element-31a7d6a0\" data-id=\"31a7d6a0\" data-element_type=\"column\" data-e-type=\"column\">\n\t\t\t<div class=\"elementor-widget-wrap elementor-element-populated\">\n\t\t\t\t\t\t<div class=\"elementor-element elementor-element-4e1910d7 elementor-widget elementor-widget-heading\" data-id=\"4e1910d7\" data-element_type=\"widget\" data-e-type=\"widget\" data-widget_type=\"heading.default\">\n\t\t\t\t<div class=\"elementor-widget-container\">\n\t\t\t\t\t<h4 class=\"elementor-heading-title elementor-size-default\">Servicios<\/h4>\t\t\t\t<\/div>\n\t\t\t\t<\/div>\n\t\t\t\t<div class=\"elementor-element elementor-element-5b71687a elementor-widget elementor-widget-text-editor\" data-id=\"5b71687a\" data-element_type=\"widget\" data-e-type=\"widget\" data-widget_type=\"text-editor.default\">\n\t\t\t\t<div class=\"elementor-widget-container\">\n\t\t\t\t\t\t\t\t\t<p>De igual forma, en Motos Madrid-Dakar acabamos de incorporar un nuevo servicio, el alquiler de nuestras motocicletas. Podr\u00e1s alquilar la moto que m\u00e1s te guste, ya sea durante un d\u00eda, una semana\u2026 \u00bfEres un turista visitando la ciudad? Alquila nuestras motocicletas y descubre los lugares m\u00e1s emblem\u00e1ticos de Madrid de forma r\u00e1pida.<\/p><p>Desde 2021 disponemos de un local ubicado cerca del Bernab\u00e9u. Podr\u00e1s encontrarnos en Avenida Ram\u00f3n y Cajal, 67, Madrid, y observar muchas de nuestros motos de cerca, ya que en el local tenemos varias de ellas en exposici\u00f3n.<\/p>\t\t\t\t\t\t\t\t<\/div>\n\t\t\t\t<\/div>\n\t\t\t\t\t<\/div>\n\t\t<\/div>\n\t\t\t\t<div class=\"elementor-column elementor-col-50 elementor-top-column elementor-element elementor-element-1b0e1884\" data-id=\"1b0e1884\" data-element_type=\"column\" data-e-type=\"column\">\n\t\t\t<div class=\"elementor-widget-wrap elementor-element-populated\">\n\t\t\t\t\t\t<div class=\"elementor-element elementor-element-1110ace8 elementor-widget elementor-widget-image\" data-id=\"1110ace8\" data-element_type=\"widget\" data-e-type=\"widget\" data-widget_type=\"image.default\">\n\t\t\t\t<div class=\"elementor-widget-container\">\n\t\t\t\t\t\t\t\t\t\t\t\t\t\t\t<img fetchpriority=\"high\" decoding=\"async\" width=\"2560\" height=\"1709\" src=\"https:\/\/madriddakar.com\/wp-content\/uploads\/2023\/04\/shutterstock_1160087764-scaled.jpg\" class=\"attachment-full size-full wp-image-233\" alt=\"\" srcset=\"https:\/\/madriddakar.com\/wp-content\/uploads\/2023\/04\/shutterstock_1160087764-scaled.jpg 2560w, https:\/\/madriddakar.com\/wp-content\/uploads\/2023\/04\/shutterstock_1160087764-300x200.jpg 300w, https:\/\/madriddakar.com\/wp-content\/uploads\/2023\/04\/shutterstock_1160087764-1024x683.jpg 1024w, https:\/\/madriddakar.com\/wp-content\/uploads\/2023\/04\/shutterstock_1160087764-768x513.jpg 768w, https:\/\/madriddakar.com\/wp-content\/uploads\/2023\/04\/shutterstock_1160087764-1536x1025.jpg 1536w, https:\/\/madriddakar.com\/wp-content\/uploads\/2023\/04\/shutterstock_1160087764-2048x1367.jpg 2048w\" sizes=\"(max-width: 2560px) 100vw, 2560px\" \/>\t\t\t\t\t\t\t\t\t\t\t\t\t\t\t<\/div>\n\t\t\t\t<\/div>\n\t\t\t\t\t<\/div>\n\t\t<\/div>\n\t\t\t\t\t<\/div>\n\t\t<\/section>\n\t\t\t\t<section class=\"elementor-section elementor-top-section elementor-element elementor-element-e7248bd elementor-section-content-middle elementor-section-boxed elementor-section-height-default elementor-section-height-default\" data-id=\"e7248bd\" data-element_type=\"section\" data-e-type=\"section\" data-settings=\"{&quot;background_background&quot;:&quot;classic&quot;}\">\n\t\t\t\t\t\t<div class=\"elementor-container elementor-column-gap-no\">\n\t\t\t\t\t<div class=\"elementor-column elementor-col-50 elementor-top-column elementor-element elementor-element-17d2b5ab\" data-id=\"17d2b5ab\" data-element_type=\"column\" data-e-type=\"column\">\n\t\t\t<div class=\"elementor-widget-wrap elementor-element-populated\">\n\t\t\t\t\t\t<div class=\"elementor-element elementor-element-39ebf99 elementor-widget elementor-widget-heading\" data-id=\"39ebf99\" data-element_type=\"widget\" data-e-type=\"widget\" data-widget_type=\"heading.default\">\n\t\t\t\t<div class=\"elementor-widget-container\">\n\t\t\t\t\t<h2 class=\"elementor-heading-title elementor-size-default\">\u00bfPor qu\u00e9 alquilar tu moto en Motos Madrid Dakar?<\/h2>\t\t\t\t<\/div>\n\t\t\t\t<\/div>\n\t\t\t\t<div class=\"elementor-element elementor-element-b011ede elementor-widget elementor-widget-text-editor\" data-id=\"b011ede\" data-element_type=\"widget\" data-e-type=\"widget\" data-widget_type=\"text-editor.default\">\n\t\t\t\t<div class=\"elementor-widget-container\">\n\t\t\t\t\t\t\t\t\t<p class=\"MsoNormal\" style=\"text-align:justify\">Contamos con m\u00faltiples a\u00f1os de\ntrayectoria en el \u00e1mbito de las motocicletas, habiendo trabajado con las\nprincipales marcas, lo que nos ha aportado la experiencia necesaria para\nofrecer la mejor calidad en nuestro servicio.&nbsp;<o:p><\/o:p><\/p>\t\t\t\t\t\t\t\t<\/div>\n\t\t\t\t<\/div>\n\t\t\t\t\t<\/div>\n\t\t<\/div>\n\t\t\t\t<div class=\"elementor-column elementor-col-50 elementor-top-column elementor-element elementor-element-1f3de89b\" data-id=\"1f3de89b\" data-element_type=\"column\" data-e-type=\"column\">\n\t\t\t<div class=\"elementor-widget-wrap elementor-element-populated\">\n\t\t\t\t\t\t<div class=\"elementor-element elementor-element-ac73afe elementor-align-center elementor-tablet-align-right elementor-mobile-align-center elementor-widget elementor-widget-button\" data-id=\"ac73afe\" data-element_type=\"widget\" data-e-type=\"widget\" data-widget_type=\"button.default\">\n\t\t\t\t<div class=\"elementor-widget-container\">\n\t\t\t\t\t\t\t\t\t<div class=\"elementor-button-wrapper\">\n\t\t\t\t\t<a class=\"elementor-button elementor-button-link elementor-size-md\" href=\"https:\/\/motosmadriddakar.com\/alquiler\/\">\n\t\t\t\t\t\t<span class=\"elementor-button-content-wrapper\">\n\t\t\t\t\t\t\t\t\t<span class=\"elementor-button-text\">ALQUILAR<\/span>\n\t\t\t\t\t<\/span>\n\t\t\t\t\t<\/a>\n\t\t\t\t<\/div>\n\t\t\t\t\t\t\t\t<\/div>\n\t\t\t\t<\/div>\n\t\t\t\t\t<\/div>\n\t\t<\/div>\n\t\t\t\t\t<\/div>\n\t\t<\/section>\n\t\t\t\t<\/div>\n\t\t","protected":false},"excerpt":{"rendered":"<p>Servicios compra-venta VENDER AHORA Servicios De igual forma, en Motos Madrid-Dakar acabamos de incorporar un nuevo servicio, el alquiler de nuestras motocicletas. Podr\u00e1s alquilar la moto que m\u00e1s te guste, ya sea durante un d\u00eda, una semana\u2026 \u00bfEres un turista visitando la ciudad? Alquila nuestras motocicletas y descubre los lugares m\u00e1s emblem\u00e1ticos de Madrid de [&hellip;]<\/p>\n","protected":false},"author":1,"featured_media":0,"parent":0,"menu_order":0,"comment_status":"closed","ping_status":"closed","template":"","meta":{"site-sidebar-layout":"no-sidebar","site-content-layout":"page-builder","ast-site-content-layout":"default","site-content-style":"default","site-sidebar-style":"default","ast-global-header-display":"","ast-banner-title-visibility":"","ast-main-header-display":"","ast-hfb-above-header-display":"","ast-hfb-below-header-display":"","ast-hfb-mobile-header-display":"","site-post-title":"disabled","ast-breadcrumbs-content":"","ast-featured-img":"disabled","footer-sml-layout":"","ast-disable-related-posts":"","theme-transparent-header-meta":"","adv-header-id-meta":"","stick-header-meta":"","header-above-stick-meta":"","header-main-stick-meta":"","header-below-stick-meta":"","astra-migrate-meta-layouts":"default","ast-page-background-enabled":"default","ast-page-background-meta":{"desktop":{"background-color":"var(--ast-global-color-4)","background-image":"","background-repeat":"repeat","background-position":"center center","background-size":"auto","background-attachment":"scroll","background-type":"","background-media":"","overlay-type":"","overlay-color":"","overlay-opacity":"","overlay-gradient":""},"tablet":{"background-color":"","background-image":"","background-repeat":"repeat","background-position":"center center","background-size":"auto","background-attachment":"scroll","background-type":"","background-media":"","overlay-type":"","overlay-color":"","overlay-opacity":"","overlay-gradient":""},"mobile":{"background-color":"","background-image":"","background-repeat":"repeat","background-position":"center center","background-size":"auto","background-attachment":"scroll","background-type":"","background-media":"","overlay-type":"","overlay-color":"","overlay-opacity":"","overlay-gradient":""}},"ast-content-background-meta":{"desktop":{"background-color":"var(--ast-global-color-5)","background-image":"","background-repeat":"repeat","background-position":"center center","background-size":"auto","background-attachment":"scroll","background-type":"","background-media":"","overlay-type":"","overlay-color":"","overlay-opacity":"","overlay-gradient":""},"tablet":{"background-color":"var(--ast-global-color-5)","background-image":"","background-repeat":"repeat","background-position":"center center","background-size":"auto","background-attachment":"scroll","background-type":"","background-media":"","overlay-type":"","overlay-color":"","overlay-opacity":"","overlay-gradient":""},"mobile":{"background-color":"var(--ast-global-color-5)","background-image":"","background-repeat":"repeat","background-position":"center center","background-size":"auto","background-attachment":"scroll","background-type":"","background-media":"","overlay-type":"","overlay-color":"","overlay-opacity":"","overlay-gradient":""}},"footnotes":""},"class_list":["post-15","page","type-page","status-publish","hentry"],"yoast_head":"<!-- This site is optimized with the Yoast SEO plugin v27.4 - https:\/\/yoast.com\/product\/yoast-seo-wordpress\/ -->\n<title>Servicios - madriddakar.com<\/title>\n<meta name=\"description\" content=\"Adem\u00e1s de la compra-venta, podr\u00e1s alquilar la moto que m\u00e1s te guste con Motos Madrid Dakar y visitar la ciudad de forma r\u00e1pida y c\u00f3moda.\" \/>\n<meta name=\"robots\" content=\"index, follow, max-snippet:-1, max-image-preview:large, max-video-preview:-1\" \/>\n<link rel=\"canonical\" href=\"https:\/\/madriddakar.com\/?page_id=15\" \/>\n<meta property=\"og:locale\" content=\"es_ES\" \/>\n<meta property=\"og:type\" content=\"article\" \/>\n<meta property=\"og:title\" content=\"Servicios - madriddakar.com\" \/>\n<meta property=\"og:description\" content=\"Adem\u00e1s de la compra-venta, podr\u00e1s alquilar la moto que m\u00e1s te guste con Motos Madrid Dakar y visitar la ciudad de forma r\u00e1pida y c\u00f3moda.\" \/>\n<meta property=\"og:url\" content=\"https:\/\/madriddakar.com\/?page_id=15\" \/>\n<meta property=\"og:site_name\" content=\"madriddakar.com\" \/>\n<meta property=\"article:modified_time\" content=\"2023-05-05T09:39:29+00:00\" \/>\n<meta property=\"og:image\" content=\"https:\/\/madriddakar.com\/wp-content\/uploads\/2023\/04\/shutterstock_1160087764-scaled.jpg\" \/>\n<meta name=\"twitter:card\" content=\"summary_large_image\" \/>\n<meta name=\"twitter:label1\" content=\"Tiempo de lectura\" \/>\n\t<meta name=\"twitter:data1\" content=\"1 minuto\" \/>\n<script type=\"application\/ld+json\" class=\"yoast-schema-graph\">{\"@context\":\"https:\\\/\\\/schema.org\",\"@graph\":[{\"@type\":\"WebPage\",\"@id\":\"https:\\\/\\\/madriddakar.com\\\/?page_id=15\",\"url\":\"https:\\\/\\\/madriddakar.com\\\/?page_id=15\",\"name\":\"Servicios - madriddakar.com\",\"isPartOf\":{\"@id\":\"https:\\\/\\\/madriddakar.com\\\/#website\"},\"primaryImageOfPage\":{\"@id\":\"https:\\\/\\\/madriddakar.com\\\/?page_id=15#primaryimage\"},\"image\":{\"@id\":\"https:\\\/\\\/madriddakar.com\\\/?page_id=15#primaryimage\"},\"thumbnailUrl\":\"https:\\\/\\\/madriddakar.com\\\/wp-content\\\/uploads\\\/2023\\\/04\\\/shutterstock_1160087764-scaled.jpg\",\"datePublished\":\"2023-04-26T10:49:29+00:00\",\"dateModified\":\"2023-05-05T09:39:29+00:00\",\"description\":\"Adem\u00e1s de la compra-venta, podr\u00e1s alquilar la moto que m\u00e1s te guste con Motos Madrid Dakar y visitar la ciudad de forma r\u00e1pida y c\u00f3moda.\",\"breadcrumb\":{\"@id\":\"https:\\\/\\\/madriddakar.com\\\/?page_id=15#breadcrumb\"},\"inLanguage\":\"es\",\"potentialAction\":[{\"@type\":\"ReadAction\",\"target\":[\"https:\\\/\\\/madriddakar.com\\\/?page_id=15\"]}]},{\"@type\":\"ImageObject\",\"inLanguage\":\"es\",\"@id\":\"https:\\\/\\\/madriddakar.com\\\/?page_id=15#primaryimage\",\"url\":\"https:\\\/\\\/madriddakar.com\\\/wp-content\\\/uploads\\\/2023\\\/04\\\/shutterstock_1160087764-scaled.jpg\",\"contentUrl\":\"https:\\\/\\\/madriddakar.com\\\/wp-content\\\/uploads\\\/2023\\\/04\\\/shutterstock_1160087764-scaled.jpg\",\"width\":2560,\"height\":1709},{\"@type\":\"BreadcrumbList\",\"@id\":\"https:\\\/\\\/madriddakar.com\\\/?page_id=15#breadcrumb\",\"itemListElement\":[{\"@type\":\"ListItem\",\"position\":1,\"name\":\"Portada\",\"item\":\"https:\\\/\\\/madriddakar.com\\\/\"},{\"@type\":\"ListItem\",\"position\":2,\"name\":\"Servicios\"}]},{\"@type\":\"WebSite\",\"@id\":\"https:\\\/\\\/madriddakar.com\\\/#website\",\"url\":\"https:\\\/\\\/madriddakar.com\\\/\",\"name\":\"madriddakar.com\",\"description\":\"\",\"publisher\":{\"@id\":\"https:\\\/\\\/madriddakar.com\\\/#organization\"},\"potentialAction\":[{\"@type\":\"SearchAction\",\"target\":{\"@type\":\"EntryPoint\",\"urlTemplate\":\"https:\\\/\\\/madriddakar.com\\\/?s={search_term_string}\"},\"query-input\":{\"@type\":\"PropertyValueSpecification\",\"valueRequired\":true,\"valueName\":\"search_term_string\"}}],\"inLanguage\":\"es\"},{\"@type\":\"Organization\",\"@id\":\"https:\\\/\\\/madriddakar.com\\\/#organization\",\"name\":\"madriddakar.com\",\"url\":\"https:\\\/\\\/madriddakar.com\\\/\",\"logo\":{\"@type\":\"ImageObject\",\"inLanguage\":\"es\",\"@id\":\"https:\\\/\\\/madriddakar.com\\\/#\\\/schema\\\/logo\\\/image\\\/\",\"url\":\"https:\\\/\\\/madriddakar.com\\\/wp-content\\\/uploads\\\/2023\\\/04\\\/cropped-Logo-oscuro-solo-letras-mod.png\",\"contentUrl\":\"https:\\\/\\\/madriddakar.com\\\/wp-content\\\/uploads\\\/2023\\\/04\\\/cropped-Logo-oscuro-solo-letras-mod.png\",\"width\":347,\"height\":115,\"caption\":\"madriddakar.com\"},\"image\":{\"@id\":\"https:\\\/\\\/madriddakar.com\\\/#\\\/schema\\\/logo\\\/image\\\/\"}}]}<\/script>\n<!-- \/ Yoast SEO plugin. -->","yoast_head_json":{"title":"Servicios - madriddakar.com","description":"Adem\u00e1s de la compra-venta, podr\u00e1s alquilar la moto que m\u00e1s te guste con Motos Madrid Dakar y visitar la ciudad de forma r\u00e1pida y c\u00f3moda.","robots":{"index":"index","follow":"follow","max-snippet":"max-snippet:-1","max-image-preview":"max-image-preview:large","max-video-preview":"max-video-preview:-1"},"canonical":"https:\/\/madriddakar.com\/?page_id=15","og_locale":"es_ES","og_type":"article","og_title":"Servicios - madriddakar.com","og_description":"Adem\u00e1s de la compra-venta, podr\u00e1s alquilar la moto que m\u00e1s te guste con Motos Madrid Dakar y visitar la ciudad de forma r\u00e1pida y c\u00f3moda.","og_url":"https:\/\/madriddakar.com\/?page_id=15","og_site_name":"madriddakar.com","article_modified_time":"2023-05-05T09:39:29+00:00","og_image":[{"url":"https:\/\/madriddakar.com\/wp-content\/uploads\/2023\/04\/shutterstock_1160087764-scaled.jpg","type":"","width":"","height":""}],"twitter_card":"summary_large_image","twitter_misc":{"Tiempo de lectura":"1 minuto"},"schema":{"@context":"https:\/\/schema.org","@graph":[{"@type":"WebPage","@id":"https:\/\/madriddakar.com\/?page_id=15","url":"https:\/\/madriddakar.com\/?page_id=15","name":"Servicios - madriddakar.com","isPartOf":{"@id":"https:\/\/madriddakar.com\/#website"},"primaryImageOfPage":{"@id":"https:\/\/madriddakar.com\/?page_id=15#primaryimage"},"image":{"@id":"https:\/\/madriddakar.com\/?page_id=15#primaryimage"},"thumbnailUrl":"https:\/\/madriddakar.com\/wp-content\/uploads\/2023\/04\/shutterstock_1160087764-scaled.jpg","datePublished":"2023-04-26T10:49:29+00:00","dateModified":"2023-05-05T09:39:29+00:00","description":"Adem\u00e1s de la compra-venta, podr\u00e1s alquilar la moto que m\u00e1s te guste con Motos Madrid Dakar y visitar la ciudad de forma r\u00e1pida y c\u00f3moda.","breadcrumb":{"@id":"https:\/\/madriddakar.com\/?page_id=15#breadcrumb"},"inLanguage":"es","potentialAction":[{"@type":"ReadAction","target":["https:\/\/madriddakar.com\/?page_id=15"]}]},{"@type":"ImageObject","inLanguage":"es","@id":"https:\/\/madriddakar.com\/?page_id=15#primaryimage","url":"https:\/\/madriddakar.com\/wp-content\/uploads\/2023\/04\/shutterstock_1160087764-scaled.jpg","contentUrl":"https:\/\/madriddakar.com\/wp-content\/uploads\/2023\/04\/shutterstock_1160087764-scaled.jpg","width":2560,"height":1709},{"@type":"BreadcrumbList","@id":"https:\/\/madriddakar.com\/?page_id=15#breadcrumb","itemListElement":[{"@type":"ListItem","position":1,"name":"Portada","item":"https:\/\/madriddakar.com\/"},{"@type":"ListItem","position":2,"name":"Servicios"}]},{"@type":"WebSite","@id":"https:\/\/madriddakar.com\/#website","url":"https:\/\/madriddakar.com\/","name":"madriddakar.com","description":"","publisher":{"@id":"https:\/\/madriddakar.com\/#organization"},"potentialAction":[{"@type":"SearchAction","target":{"@type":"EntryPoint","urlTemplate":"https:\/\/madriddakar.com\/?s={search_term_string}"},"query-input":{"@type":"PropertyValueSpecification","valueRequired":true,"valueName":"search_term_string"}}],"inLanguage":"es"},{"@type":"Organization","@id":"https:\/\/madriddakar.com\/#organization","name":"madriddakar.com","url":"https:\/\/madriddakar.com\/","logo":{"@type":"ImageObject","inLanguage":"es","@id":"https:\/\/madriddakar.com\/#\/schema\/logo\/image\/","url":"https:\/\/madriddakar.com\/wp-content\/uploads\/2023\/04\/cropped-Logo-oscuro-solo-letras-mod.png","contentUrl":"https:\/\/madriddakar.com\/wp-content\/uploads\/2023\/04\/cropped-Logo-oscuro-solo-letras-mod.png","width":347,"height":115,"caption":"madriddakar.com"},"image":{"@id":"https:\/\/madriddakar.com\/#\/schema\/logo\/image\/"}}]}},"_links":{"self":[{"href":"https:\/\/madriddakar.com\/index.php?rest_route=\/wp\/v2\/pages\/15","targetHints":{"allow":["GET"]}}],"collection":[{"href":"https:\/\/madriddakar.com\/index.php?rest_route=\/wp\/v2\/pages"}],"about":[{"href":"https:\/\/madriddakar.com\/index.php?rest_route=\/wp\/v2\/types\/page"}],"author":[{"embeddable":true,"href":"https:\/\/madriddakar.com\/index.php?rest_route=\/wp\/v2\/users\/1"}],"replies":[{"embeddable":true,"href":"https:\/\/madriddakar.com\/index.php?rest_route=%2Fwp%2Fv2%2Fcomments&post=15"}],"version-history":[{"count":38,"href":"https:\/\/madriddakar.com\/index.php?rest_route=\/wp\/v2\/pages\/15\/revisions"}],"predecessor-version":[{"id":400,"href":"https:\/\/madriddakar.com\/index.php?rest_route=\/wp\/v2\/pages\/15\/revisions\/400"}],"wp:attachment":[{"href":"https:\/\/madriddakar.com\/index.php?rest_route=%2Fwp%2Fv2%2Fmedia&parent=15"}],"curies":[{"name":"wp","href":"https:\/\/api.w.org\/{rel}","templated":true}]}}