{"id":3,"date":"2023-04-16T20:08:45","date_gmt":"2023-04-16T20:08:45","guid":{"rendered":"https:\/\/madriddakar.com\/?page_id=3"},"modified":"2023-05-04T09:28:36","modified_gmt":"2023-05-04T09:28:36","slug":"privacy-policy","status":"publish","type":"page","link":"https:\/\/madriddakar.com\/?page_id=3","title":{"rendered":"Pol\u00edtica de privacidad"},"content":{"rendered":"\t\t<div data-elementor-type=\"wp-page\" data-elementor-id=\"3\" class=\"elementor elementor-3\" data-elementor-post-type=\"page\">\n\t\t\t\t\t\t<section class=\"elementor-section elementor-top-section elementor-element elementor-element-a85587f elementor-section-boxed elementor-section-height-default elementor-section-height-default\" data-id=\"a85587f\" data-element_type=\"section\" data-e-type=\"section\">\n\t\t\t\t\t\t<div class=\"elementor-container elementor-column-gap-default\">\n\t\t\t\t\t<div class=\"elementor-column elementor-col-100 elementor-top-column elementor-element elementor-element-50c881d3\" data-id=\"50c881d3\" data-element_type=\"column\" data-e-type=\"column\">\n\t\t\t<div class=\"elementor-widget-wrap elementor-element-populated\">\n\t\t\t\t\t\t<div class=\"elementor-element elementor-element-cd8ff52 elementor-widget elementor-widget-text-editor\" data-id=\"cd8ff52\" data-element_type=\"widget\" data-e-type=\"widget\" data-widget_type=\"text-editor.default\">\n\t\t\t\t<div class=\"elementor-widget-container\">\n\t\t\t\t\t\t\t\t\t<header class=\"entry-header ast-no-thumbnail ast-header-without-markup\">\n<h1 class=\"entry-title\">Pol\u00edtica de Privacidad<\/h1>\n<\/header>\n<div class=\"entry-content clear\">\n<div class=\"elementor elementor-3\" data-elementor-type=\"wp-page\" data-elementor-id=\"3\">\n<section class=\"elementor-section elementor-top-section elementor-element elementor-element-485c655f elementor-section-boxed elementor-section-height-default elementor-section-height-default\" data-id=\"485c655f\" data-element_type=\"section\">\n<div class=\"elementor-container elementor-column-gap-default\">\n<div class=\"elementor-column elementor-col-100 elementor-top-column elementor-element elementor-element-1530f858\" data-id=\"1530f858\" data-element_type=\"column\">\n<div class=\"elementor-widget-wrap elementor-element-populated\">\n<div class=\"elementor-element elementor-element-54abd507 elementor-widget elementor-widget-text-editor\" data-id=\"54abd507\" data-element_type=\"widget\" data-widget_type=\"text-editor.default\">\n<div class=\"elementor-widget-container\">\n<p>POL\u00cdTICA DE PRIVACIDAD<\/p>\n<p>Los datos recabados a trav\u00e9s de los formularios de obtenci\u00f3n de datos del sitio web u otras v\u00edas ser\u00e1n incorporados a un fichero automatizado de datos de car\u00e1cter personal del cual es responsable Motos Madrid-Dakar. Esta entidad tratar\u00e1 los datos de forma confidencial y exclusivamente con la finalidad de ofrecer los servicios solicitados en el desarrollo de su actividad de servicios jur\u00eddicos y de asesor\u00eda y consultor\u00eda empresarial y gestiones derivadas de las mismas, con todas las garant\u00edas legales y de seguridad que imponen la Ley Org\u00e1nica 15\/1999, de 13 de diciembre, de Protecci\u00f3n de Datos de Car\u00e1cter Personal (en adelante, LOPD) y la Ley 34\/2002, de 11 de julio, de servicios de la sociedad de la Informaci\u00f3n y Comercio Electr\u00f3nico y el Reglamento UE 2016\/679 General de Protecci\u00f3n de Datos (en adelante RGPD).<\/p>\n<p>El responsable de estos datos y su circulaci\u00f3n es:<\/p>\n<p>Motos Madrid-Dakar.<\/p>\n<p>C.I.F: 33522882Z.<\/p>\n<p>Direcci\u00f3n: Calle Don Pedro, 12. 28005&nbsp; Madrid.<\/p>\n<p>La forma y finalidades para las que Alcora Antig\u00fcedades trata sus datos no cambian, pero ponemos a su disposici\u00f3n toda la informaci\u00f3n conforme a las exigencias del RGPD. La legitimaci\u00f3n en la utilizaci\u00f3n de dichos datos es el propio consentimiento inequ\u00edvoco del interesado, o en su caso, el contrato que pueda estar vigente entre las partes. leadsgreat.com se compromete a no ceder, vender, ni compartir los datos con terceros sin su aprobaci\u00f3n expresa.<\/p>\n<p>Asimismo, Alcora Antig\u00fcedades cancelar\u00e1 o rectificar\u00e1 los datos cuando resulten inexactos, incompletos o hayan dejado de ser necesarios o pertinentes para su finalidad, de conformidad con lo previsto en la LOPD y el RGPD. El usuario podr\u00e1 revocar el consentimiento prestado y ejercer los derechos de acceso, rectificaci\u00f3n, cancelaci\u00f3n, oposici\u00f3n, portabilidad y limitaci\u00f3n a su tratamiento dirigi\u00e9ndose a tal efecto e-mail a la siguiente direcci\u00f3n electr\u00f3nica josemiguel.granados1972@gmail.com, identific\u00e1ndose debidamente e indicando de forma visible el concreto derecho que se ejerce.<\/p>\n<p>Alcora Antig\u00fcedades adopta los niveles de seguridad correspondientes requeridos por la citada LOPD, el RGPD y dem\u00e1s normativa aplicable. No obstante, Alcora Antig\u00fcedades no asume ninguna responsabilidad por los da\u00f1os y perjuicios derivados de alteraciones que terceros pueden causar en los sistemas inform\u00e1ticos, documentos electr\u00f3nicos o ficheros del usuario.<\/p>\n<p>Alcora Antig\u00fcedades notificar\u00e1 las violaciones de seguridad de datos que puedan suponer un riesgo para los derechos y libertades de las personas f\u00edsicas antes de 72 horas, tanto a la Agencia Espa\u00f1ola de Protecci\u00f3n de Datos como a los afectados, seg\u00fan lo establecido en el RGPD.<\/p>\n<p>Alcora Antig\u00fcedades podr\u00e1 utilizar cookies durante la prestaci\u00f3n de servicios del sitio web. Las cookies son ficheros f\u00edsicos de informaci\u00f3n personal alojados en el propio terminal del usuario. El usuario tiene la posibilidad de configurar su programa navegador de manera que se impida la creaci\u00f3n de archivos cookie o se advierta de la misma.<\/p>\n<p>Si opta a abandonar nuestro sitio web a trav\u00e9s de enlaces a sitios web no pertenecientes a nuestra entidad, Alcora Antig\u00fcedades no se har\u00e1 responsable de las pol\u00edticas de privacidad de dichos sitios web ni de las cookies que \u00e9stos puedan almacenar en el ordenador del usuario.<\/p>\n<p>ACTIVIDADES DE CAR\u00c1CTER IL\u00cdCITO<\/p>\n<p>En el caso de que cualquier usuario o un tercero considere que existen hechos o circunstancias que revelen el car\u00e1cter il\u00edcito de la utilizaci\u00f3n de cualquier contenido y\/o de la realizaci\u00f3n de cualquier actividad en las p\u00e1ginas web incluidas o accesibles a trav\u00e9s del sitio web, deber\u00e1 enviar una notificaci\u00f3n a Alcora Antig\u00fcedades identific\u00e1ndose debidamente, especificando las supuestas infracciones y declarando expresamente y bajo su responsabilidad que la informaci\u00f3n proporcionada en la notificaci\u00f3n es exacta.<\/p>\n<p>PUBLICACIONES<\/p>\n<p>La informaci\u00f3n administrativa facilitada a trav\u00e9s del sitio web no sustituye la publicidad legal de las leyes, normativas, planes, disposiciones generales y actos que tengan que ser publicados formalmente a los diarios oficiales de las administraciones p\u00fablicas, que constituyen el \u00fanico instrumento que da fe de su autenticidad y contenido. La informaci\u00f3n disponible en este sitio web debe entenderse como una gu\u00eda sin prop\u00f3sito de validez legal.<\/p>\n<p>LEY APLICABLE Y FUERO<\/p>\n<p>Para toda cuesti\u00f3n litigiosa que incumba al sitio web de Alcora Antig\u00fcedades ser\u00e1 de aplicaci\u00f3n la legislaci\u00f3n espa\u00f1ola<\/p>\n<\/div>\n<\/div>\n<\/div>\n<\/div>\n<\/div>\n<\/section>\n<\/div>\n<\/div>\t\t\t\t\t\t\t\t<\/div>\n\t\t\t\t<\/div>\n\t\t\t\t\t<\/div>\n\t\t<\/div>\n\t\t\t\t\t<\/div>\n\t\t<\/section>\n\t\t\t\t<\/div>\n\t\t","protected":false},"excerpt":{"rendered":"<p>Pol\u00edtica de Privacidad POL\u00cdTICA DE PRIVACIDAD Los datos recabados a trav\u00e9s de los formularios de obtenci\u00f3n de datos del sitio web u otras v\u00edas ser\u00e1n incorporados a un fichero automatizado de datos de car\u00e1cter personal del cual es responsable Motos Madrid-Dakar. Esta entidad tratar\u00e1 los datos de forma confidencial y exclusivamente con la finalidad de [&hellip;]<\/p>\n","protected":false},"author":1,"featured_media":0,"parent":0,"menu_order":0,"comment_status":"closed","ping_status":"open","template":"","meta":{"site-sidebar-layout":"default","site-content-layout":"","ast-site-content-layout":"default","site-content-style":"default","site-sidebar-style":"default","ast-global-header-display":"","ast-banner-title-visibility":"","ast-main-header-display":"","ast-hfb-above-header-display":"","ast-hfb-below-header-display":"","ast-hfb-mobile-header-display":"","site-post-title":"disabled","ast-breadcrumbs-content":"","ast-featured-img":"","footer-sml-layout":"","ast-disable-related-posts":"","theme-transparent-header-meta":"","adv-header-id-meta":"","stick-header-meta":"","header-above-stick-meta":"","header-main-stick-meta":"","header-below-stick-meta":"","astra-migrate-meta-layouts":"default","ast-page-background-enabled":"default","ast-page-background-meta":{"desktop":{"background-color":"var(--ast-global-color-4)","background-image":"","background-repeat":"repeat","background-position":"center center","background-size":"auto","background-attachment":"scroll","background-type":"","background-media":"","overlay-type":"","overlay-color":"","overlay-opacity":"","overlay-gradient":""},"tablet":{"background-color":"","background-image":"","background-repeat":"repeat","background-position":"center center","background-size":"auto","background-attachment":"scroll","background-type":"","background-media":"","overlay-type":"","overlay-color":"","overlay-opacity":"","overlay-gradient":""},"mobile":{"background-color":"","background-image":"","background-repeat":"repeat","background-position":"center center","background-size":"auto","background-attachment":"scroll","background-type":"","background-media":"","overlay-type":"","overlay-color":"","overlay-opacity":"","overlay-gradient":""}},"ast-content-background-meta":{"desktop":{"background-color":"var(--ast-global-color-5)","background-image":"","background-repeat":"repeat","background-position":"center center","background-size":"auto","background-attachment":"scroll","background-type":"","background-media":"","overlay-type":"","overlay-color":"","overlay-opacity":"","overlay-gradient":""},"tablet":{"background-color":"var(--ast-global-color-5)","background-image":"","background-repeat":"repeat","background-position":"center center","background-size":"auto","background-attachment":"scroll","background-type":"","background-media":"","overlay-type":"","overlay-color":"","overlay-opacity":"","overlay-gradient":""},"mobile":{"background-color":"var(--ast-global-color-5)","background-image":"","background-repeat":"repeat","background-position":"center center","background-size":"auto","background-attachment":"scroll","background-type":"","background-media":"","overlay-type":"","overlay-color":"","overlay-opacity":"","overlay-gradient":""}},"footnotes":""},"class_list":["post-3","page","type-page","status-publish","hentry"],"yoast_head":"<!-- This site is optimized with the Yoast SEO plugin v27.5 - https:\/\/yoast.com\/product\/yoast-seo-wordpress\/ -->\n<title>Pol\u00edtica de privacidad - madriddakar.com<\/title>\n<meta name=\"robots\" content=\"index, follow, max-snippet:-1, max-image-preview:large, max-video-preview:-1\" \/>\n<link rel=\"canonical\" href=\"https:\/\/madriddakar.com\/?page_id=3\" \/>\n<meta property=\"og:locale\" content=\"es_ES\" \/>\n<meta property=\"og:type\" content=\"article\" \/>\n<meta property=\"og:title\" content=\"Pol\u00edtica de privacidad - madriddakar.com\" \/>\n<meta property=\"og:description\" content=\"Pol\u00edtica de Privacidad POL\u00cdTICA DE PRIVACIDAD Los datos recabados a trav\u00e9s de los formularios de obtenci\u00f3n de datos del sitio web u otras v\u00edas ser\u00e1n incorporados a un fichero automatizado de datos de car\u00e1cter personal del cual es responsable Motos Madrid-Dakar. Esta entidad tratar\u00e1 los datos de forma confidencial y exclusivamente con la finalidad de [&hellip;]\" \/>\n<meta property=\"og:url\" content=\"https:\/\/madriddakar.com\/?page_id=3\" \/>\n<meta property=\"og:site_name\" content=\"madriddakar.com\" \/>\n<meta property=\"article:modified_time\" content=\"2023-05-04T09:28:36+00:00\" \/>\n<meta name=\"twitter:card\" content=\"summary_large_image\" \/>\n<meta name=\"twitter:label1\" content=\"Tiempo de lectura\" \/>\n\t<meta name=\"twitter:data1\" content=\"4 minutos\" \/>\n<script type=\"application\/ld+json\" class=\"yoast-schema-graph\">{\"@context\":\"https:\\\/\\\/schema.org\",\"@graph\":[{\"@type\":\"WebPage\",\"@id\":\"https:\\\/\\\/madriddakar.com\\\/?page_id=3\",\"url\":\"https:\\\/\\\/madriddakar.com\\\/?page_id=3\",\"name\":\"Pol\u00edtica de privacidad - madriddakar.com\",\"isPartOf\":{\"@id\":\"https:\\\/\\\/madriddakar.com\\\/#website\"},\"datePublished\":\"2023-04-16T20:08:45+00:00\",\"dateModified\":\"2023-05-04T09:28:36+00:00\",\"breadcrumb\":{\"@id\":\"https:\\\/\\\/madriddakar.com\\\/?page_id=3#breadcrumb\"},\"inLanguage\":\"es\",\"potentialAction\":[{\"@type\":\"ReadAction\",\"target\":[\"https:\\\/\\\/madriddakar.com\\\/?page_id=3\"]}]},{\"@type\":\"BreadcrumbList\",\"@id\":\"https:\\\/\\\/madriddakar.com\\\/?page_id=3#breadcrumb\",\"itemListElement\":[{\"@type\":\"ListItem\",\"position\":1,\"name\":\"Portada\",\"item\":\"https:\\\/\\\/madriddakar.com\\\/\"},{\"@type\":\"ListItem\",\"position\":2,\"name\":\"Pol\u00edtica de privacidad\"}]},{\"@type\":\"WebSite\",\"@id\":\"https:\\\/\\\/madriddakar.com\\\/#website\",\"url\":\"https:\\\/\\\/madriddakar.com\\\/\",\"name\":\"madriddakar.com\",\"description\":\"\",\"publisher\":{\"@id\":\"https:\\\/\\\/madriddakar.com\\\/#organization\"},\"potentialAction\":[{\"@type\":\"SearchAction\",\"target\":{\"@type\":\"EntryPoint\",\"urlTemplate\":\"https:\\\/\\\/madriddakar.com\\\/?s={search_term_string}\"},\"query-input\":{\"@type\":\"PropertyValueSpecification\",\"valueRequired\":true,\"valueName\":\"search_term_string\"}}],\"inLanguage\":\"es\"},{\"@type\":\"Organization\",\"@id\":\"https:\\\/\\\/madriddakar.com\\\/#organization\",\"name\":\"madriddakar.com\",\"url\":\"https:\\\/\\\/madriddakar.com\\\/\",\"logo\":{\"@type\":\"ImageObject\",\"inLanguage\":\"es\",\"@id\":\"https:\\\/\\\/madriddakar.com\\\/#\\\/schema\\\/logo\\\/image\\\/\",\"url\":\"https:\\\/\\\/madriddakar.com\\\/wp-content\\\/uploads\\\/2023\\\/04\\\/cropped-Logo-oscuro-solo-letras-mod.png\",\"contentUrl\":\"https:\\\/\\\/madriddakar.com\\\/wp-content\\\/uploads\\\/2023\\\/04\\\/cropped-Logo-oscuro-solo-letras-mod.png\",\"width\":347,\"height\":115,\"caption\":\"madriddakar.com\"},\"image\":{\"@id\":\"https:\\\/\\\/madriddakar.com\\\/#\\\/schema\\\/logo\\\/image\\\/\"}}]}<\/script>\n<!-- \/ Yoast SEO plugin. -->","yoast_head_json":{"title":"Pol\u00edtica de privacidad - madriddakar.com","robots":{"index":"index","follow":"follow","max-snippet":"max-snippet:-1","max-image-preview":"max-image-preview:large","max-video-preview":"max-video-preview:-1"},"canonical":"https:\/\/madriddakar.com\/?page_id=3","og_locale":"es_ES","og_type":"article","og_title":"Pol\u00edtica de privacidad - madriddakar.com","og_description":"Pol\u00edtica de Privacidad POL\u00cdTICA DE PRIVACIDAD Los datos recabados a trav\u00e9s de los formularios de obtenci\u00f3n de datos del sitio web u otras v\u00edas ser\u00e1n incorporados a un fichero automatizado de datos de car\u00e1cter personal del cual es responsable Motos Madrid-Dakar. Esta entidad tratar\u00e1 los datos de forma confidencial y exclusivamente con la finalidad de [&hellip;]","og_url":"https:\/\/madriddakar.com\/?page_id=3","og_site_name":"madriddakar.com","article_modified_time":"2023-05-04T09:28:36+00:00","twitter_card":"summary_large_image","twitter_misc":{"Tiempo de lectura":"4 minutos"},"schema":{"@context":"https:\/\/schema.org","@graph":[{"@type":"WebPage","@id":"https:\/\/madriddakar.com\/?page_id=3","url":"https:\/\/madriddakar.com\/?page_id=3","name":"Pol\u00edtica de privacidad - madriddakar.com","isPartOf":{"@id":"https:\/\/madriddakar.com\/#website"},"datePublished":"2023-04-16T20:08:45+00:00","dateModified":"2023-05-04T09:28:36+00:00","breadcrumb":{"@id":"https:\/\/madriddakar.com\/?page_id=3#breadcrumb"},"inLanguage":"es","potentialAction":[{"@type":"ReadAction","target":["https:\/\/madriddakar.com\/?page_id=3"]}]},{"@type":"BreadcrumbList","@id":"https:\/\/madriddakar.com\/?page_id=3#breadcrumb","itemListElement":[{"@type":"ListItem","position":1,"name":"Portada","item":"https:\/\/madriddakar.com\/"},{"@type":"ListItem","position":2,"name":"Pol\u00edtica de privacidad"}]},{"@type":"WebSite","@id":"https:\/\/madriddakar.com\/#website","url":"https:\/\/madriddakar.com\/","name":"madriddakar.com","description":"","publisher":{"@id":"https:\/\/madriddakar.com\/#organization"},"potentialAction":[{"@type":"SearchAction","target":{"@type":"EntryPoint","urlTemplate":"https:\/\/madriddakar.com\/?s={search_term_string}"},"query-input":{"@type":"PropertyValueSpecification","valueRequired":true,"valueName":"search_term_string"}}],"inLanguage":"es"},{"@type":"Organization","@id":"https:\/\/madriddakar.com\/#organization","name":"madriddakar.com","url":"https:\/\/madriddakar.com\/","logo":{"@type":"ImageObject","inLanguage":"es","@id":"https:\/\/madriddakar.com\/#\/schema\/logo\/image\/","url":"https:\/\/madriddakar.com\/wp-content\/uploads\/2023\/04\/cropped-Logo-oscuro-solo-letras-mod.png","contentUrl":"https:\/\/madriddakar.com\/wp-content\/uploads\/2023\/04\/cropped-Logo-oscuro-solo-letras-mod.png","width":347,"height":115,"caption":"madriddakar.com"},"image":{"@id":"https:\/\/madriddakar.com\/#\/schema\/logo\/image\/"}}]}},"_links":{"self":[{"href":"https:\/\/madriddakar.com\/index.php?rest_route=\/wp\/v2\/pages\/3","targetHints":{"allow":["GET"]}}],"collection":[{"href":"https:\/\/madriddakar.com\/index.php?rest_route=\/wp\/v2\/pages"}],"about":[{"href":"https:\/\/madriddakar.com\/index.php?rest_route=\/wp\/v2\/types\/page"}],"author":[{"embeddable":true,"href":"https:\/\/madriddakar.com\/index.php?rest_route=\/wp\/v2\/users\/1"}],"replies":[{"embeddable":true,"href":"https:\/\/madriddakar.com\/index.php?rest_route=%2Fwp%2Fv2%2Fcomments&post=3"}],"version-history":[{"count":5,"href":"https:\/\/madriddakar.com\/index.php?rest_route=\/wp\/v2\/pages\/3\/revisions"}],"predecessor-version":[{"id":366,"href":"https:\/\/madriddakar.com\/index.php?rest_route=\/wp\/v2\/pages\/3\/revisions\/366"}],"wp:attachment":[{"href":"https:\/\/madriddakar.com\/index.php?rest_route=%2Fwp%2Fv2%2Fmedia&parent=3"}],"curies":[{"name":"wp","href":"https:\/\/api.w.org\/{rel}","templated":true}]}}